{"id":371,"date":"2020-04-23T15:46:10","date_gmt":"2020-04-23T13:46:10","guid":{"rendered":"http:\/\/addrone.be\/?page_id=371"},"modified":"2020-04-23T16:43:21","modified_gmt":"2020-04-23T14:43:21","slug":"evenements-sportifs","status":"publish","type":"page","link":"https:\/\/addrone.be\/index.php\/evenements-sportifs\/","title":{"rendered":"Ev\u00e9nements Sportifs"},"content":{"rendered":"\t\t<div data-elementor-type=\"wp-page\" data-elementor-id=\"371\" class=\"elementor elementor-371\">\n\t\t\t\t\t\t<section class=\"has_eae_slider elementor-section elementor-top-section elementor-element elementor-element-498b920 elementor-section-boxed elementor-section-height-default elementor-section-height-default elementor-invisible\" data-eae-slider=\"85397\" data-id=\"498b920\" data-element_type=\"section\" data-settings=\"{&quot;animation&quot;:&quot;fadeIn&quot;}\">\n\t\t\t\t\t\t<div class=\"elementor-container elementor-column-gap-default\">\n\t\t\t\t\t<div class=\"has_eae_slider elementor-column elementor-col-100 elementor-top-column elementor-element elementor-element-e749196\" data-eae-slider=\"70431\" data-id=\"e749196\" data-element_type=\"column\">\n\t\t\t<div class=\"elementor-widget-wrap elementor-element-populated\">\n\t\t\t\t\t\t<div class=\"elementor-element elementor-element-ebfdc28 elementor-arrows-position-inside elementor-pagination-position-outside elementor-widget elementor-widget-image-carousel\" data-id=\"ebfdc28\" data-element_type=\"widget\" data-settings=\"{&quot;slides_to_show&quot;:&quot;2&quot;,&quot;slides_to_scroll&quot;:&quot;2&quot;,&quot;autoplay_speed&quot;:3000,&quot;speed&quot;:3000,&quot;pause_on_hover&quot;:&quot;no&quot;,&quot;pause_on_interaction&quot;:&quot;no&quot;,&quot;navigation&quot;:&quot;both&quot;,&quot;autoplay&quot;:&quot;yes&quot;,&quot;infinite&quot;:&quot;yes&quot;}\" data-widget_type=\"image-carousel.default\">\n\t\t\t\t<div class=\"elementor-widget-container\">\n\t\t\t\t\t\t\t<div class=\"elementor-image-carousel-wrapper swiper\" role=\"region\" aria-roledescription=\"carousel\" aria-label=\"Carrousel d\u2019images\" dir=\"ltr\">\n\t\t\t<div class=\"elementor-image-carousel swiper-wrapper swiper-image-stretch\" aria-live=\"off\">\n\t\t\t\t\t\t\t\t<div class=\"swiper-slide\" role=\"group\" aria-roledescription=\"slide\" aria-label=\"1 sur 9\"><figure class=\"swiper-slide-inner\"><img decoding=\"async\" class=\"swiper-slide-image\" src=\"https:\/\/addrone.be\/wp-content\/uploads\/2020\/04\/Event-5-e1587652831769-1024x668.jpg\" alt=\"Event 5\" \/><\/figure><\/div><div class=\"swiper-slide\" role=\"group\" aria-roledescription=\"slide\" aria-label=\"2 sur 9\"><figure class=\"swiper-slide-inner\"><img decoding=\"async\" class=\"swiper-slide-image\" src=\"https:\/\/addrone.be\/wp-content\/uploads\/2020\/04\/Event-4-1-1024x683.jpg\" alt=\"Event 4\" \/><\/figure><\/div><div class=\"swiper-slide\" role=\"group\" aria-roledescription=\"slide\" aria-label=\"3 sur 9\"><figure class=\"swiper-slide-inner\"><img decoding=\"async\" class=\"swiper-slide-image\" src=\"https:\/\/addrone.be\/wp-content\/uploads\/2020\/04\/Event-5-1-e1587650303969-1024x663.jpg\" alt=\"Event 5\" \/><\/figure><\/div><div class=\"swiper-slide\" role=\"group\" aria-roledescription=\"slide\" aria-label=\"4 sur 9\"><figure class=\"swiper-slide-inner\"><img decoding=\"async\" class=\"swiper-slide-image\" src=\"https:\/\/addrone.be\/wp-content\/uploads\/2020\/04\/Event-6-1024x681.jpg\" alt=\"Event 6\" \/><\/figure><\/div><div class=\"swiper-slide\" role=\"group\" aria-roledescription=\"slide\" aria-label=\"5 sur 9\"><figure class=\"swiper-slide-inner\"><img decoding=\"async\" class=\"swiper-slide-image\" src=\"https:\/\/addrone.be\/wp-content\/uploads\/2020\/04\/Sport-1024x678.jpg\" alt=\"Sport\" \/><\/figure><\/div><div class=\"swiper-slide\" role=\"group\" aria-roledescription=\"slide\" aria-label=\"6 sur 9\"><figure class=\"swiper-slide-inner\"><img decoding=\"async\" class=\"swiper-slide-image\" src=\"https:\/\/addrone.be\/wp-content\/uploads\/2020\/04\/Event-7-1024x640.jpg\" alt=\"Event 7\" \/><\/figure><\/div><div class=\"swiper-slide\" role=\"group\" aria-roledescription=\"slide\" aria-label=\"7 sur 9\"><figure class=\"swiper-slide-inner\"><img decoding=\"async\" class=\"swiper-slide-image\" src=\"https:\/\/addrone.be\/wp-content\/uploads\/2020\/04\/Event-3-1024x683.jpg\" alt=\"Event 3\" \/><\/figure><\/div><div class=\"swiper-slide\" role=\"group\" aria-roledescription=\"slide\" aria-label=\"8 sur 9\"><figure class=\"swiper-slide-inner\"><img decoding=\"async\" class=\"swiper-slide-image\" src=\"https:\/\/addrone.be\/wp-content\/uploads\/2020\/04\/Event-8-1024x685.jpg\" alt=\"Event 8\" \/><\/figure><\/div><div class=\"swiper-slide\" role=\"group\" aria-roledescription=\"slide\" aria-label=\"9 sur 9\"><figure class=\"swiper-slide-inner\"><img decoding=\"async\" class=\"swiper-slide-image\" src=\"https:\/\/addrone.be\/wp-content\/uploads\/2020\/04\/Sport-2-1024x627.jpg\" alt=\"Sport 2\" \/><\/figure><\/div>\t\t\t<\/div>\n\t\t\t\t\t\t\t\t\t\t\t\t<div class=\"elementor-swiper-button elementor-swiper-button-prev\" role=\"button\" tabindex=\"0\">\n\t\t\t\t\t\t<i aria-hidden=\"true\" class=\"eicon-chevron-left\"><\/i>\t\t\t\t\t<\/div>\n\t\t\t\t\t<div class=\"elementor-swiper-button elementor-swiper-button-next\" role=\"button\" tabindex=\"0\">\n\t\t\t\t\t\t<i aria-hidden=\"true\" class=\"eicon-chevron-right\"><\/i>\t\t\t\t\t<\/div>\n\t\t\t\t\n\t\t\t\t\t\t\t\t\t<div class=\"swiper-pagination\"><\/div>\n\t\t\t\t\t\t\t\t\t<\/div>\n\t\t\t\t\t\t<\/div>\n\t\t\t\t<\/div>\n\t\t\t\t\t<\/div>\n\t\t<\/div>\n\t\t\t\t\t<\/div>\n\t\t<\/section>\n\t\t\t\t<\/div>\n\t\t","protected":false},"excerpt":{"rendered":"<p>Pr\u00e9c\u00e9dent Suivant<\/p>\n","protected":false},"author":1,"featured_media":0,"parent":0,"menu_order":0,"comment_status":"closed","ping_status":"closed","template":"","meta":{"footnotes":""},"class_list":["post-371","page","type-page","status-publish","hentry"],"yoast_head":"<!-- This site is optimized with the Yoast SEO plugin v27.3 - https:\/\/yoast.com\/product\/yoast-seo-wordpress\/ -->\n<title>Ev\u00e9nements Sportifs<\/title>\n<meta name=\"robots\" content=\"index, follow, max-snippet:-1, max-image-preview:large, max-video-preview:-1\" \/>\n<link rel=\"canonical\" href=\"https:\/\/addrone.be\/index.php\/evenements-sportifs\/\" \/>\n<meta property=\"og:locale\" content=\"fr_FR\" \/>\n<meta property=\"og:type\" content=\"article\" \/>\n<meta property=\"og:title\" content=\"Ev\u00e9nements Sportifs\" \/>\n<meta property=\"og:description\" content=\"Pr\u00e9c\u00e9dent Suivant\" \/>\n<meta property=\"og:url\" content=\"https:\/\/addrone.be\/index.php\/evenements-sportifs\/\" \/>\n<meta property=\"article:publisher\" content=\"https:\/\/www.facebook.com\/addroneBE\" \/>\n<meta property=\"article:modified_time\" content=\"2020-04-23T14:43:21+00:00\" \/>\n<meta property=\"og:image\" content=\"http:\/\/addrone.be\/wp-content\/uploads\/2020\/04\/Event-5-e1587652831769-1024x668.jpg\" \/>\n<script type=\"application\/ld+json\" class=\"yoast-schema-graph\">{\"@context\":\"https:\\\/\\\/schema.org\",\"@graph\":[{\"@type\":\"WebPage\",\"@id\":\"https:\\\/\\\/addrone.be\\\/index.php\\\/evenements-sportifs\\\/\",\"url\":\"https:\\\/\\\/addrone.be\\\/index.php\\\/evenements-sportifs\\\/\",\"name\":\"Ev\u00e9nements Sportifs\",\"isPartOf\":{\"@id\":\"https:\\\/\\\/addrone.be\\\/#website\"},\"primaryImageOfPage\":{\"@id\":\"https:\\\/\\\/addrone.be\\\/index.php\\\/evenements-sportifs\\\/#primaryimage\"},\"image\":{\"@id\":\"https:\\\/\\\/addrone.be\\\/index.php\\\/evenements-sportifs\\\/#primaryimage\"},\"thumbnailUrl\":\"http:\\\/\\\/addrone.be\\\/wp-content\\\/uploads\\\/2020\\\/04\\\/Event-5-e1587652831769-1024x668.jpg\",\"datePublished\":\"2020-04-23T13:46:10+00:00\",\"dateModified\":\"2020-04-23T14:43:21+00:00\",\"breadcrumb\":{\"@id\":\"https:\\\/\\\/addrone.be\\\/index.php\\\/evenements-sportifs\\\/#breadcrumb\"},\"inLanguage\":\"fr-FR\",\"potentialAction\":[{\"@type\":\"ReadAction\",\"target\":[\"https:\\\/\\\/addrone.be\\\/index.php\\\/evenements-sportifs\\\/\"]}]},{\"@type\":\"ImageObject\",\"inLanguage\":\"fr-FR\",\"@id\":\"https:\\\/\\\/addrone.be\\\/index.php\\\/evenements-sportifs\\\/#primaryimage\",\"url\":\"https:\\\/\\\/addrone.be\\\/wp-content\\\/uploads\\\/2020\\\/04\\\/Event-5-e1587652831769.jpg\",\"contentUrl\":\"https:\\\/\\\/addrone.be\\\/wp-content\\\/uploads\\\/2020\\\/04\\\/Event-5-e1587652831769.jpg\",\"width\":1449,\"height\":945},{\"@type\":\"BreadcrumbList\",\"@id\":\"https:\\\/\\\/addrone.be\\\/index.php\\\/evenements-sportifs\\\/#breadcrumb\",\"itemListElement\":[{\"@type\":\"ListItem\",\"position\":1,\"name\":\"Home\",\"item\":\"https:\\\/\\\/addrone.be\\\/\"},{\"@type\":\"ListItem\",\"position\":2,\"name\":\"Ev\u00e9nements Sportifs\"}]},{\"@type\":\"WebSite\",\"@id\":\"https:\\\/\\\/addrone.be\\\/#website\",\"url\":\"https:\\\/\\\/addrone.be\\\/\",\"name\":\"ADDrone\",\"description\":\"ADDrone, ADD beauty\",\"publisher\":{\"@id\":\"https:\\\/\\\/addrone.be\\\/#organization\"},\"potentialAction\":[{\"@type\":\"SearchAction\",\"target\":{\"@type\":\"EntryPoint\",\"urlTemplate\":\"https:\\\/\\\/addrone.be\\\/?s={search_term_string}\"},\"query-input\":{\"@type\":\"PropertyValueSpecification\",\"valueRequired\":true,\"valueName\":\"search_term_string\"}}],\"inLanguage\":\"fr-FR\"},{\"@type\":\"Organization\",\"@id\":\"https:\\\/\\\/addrone.be\\\/#organization\",\"name\":\"ADDrone\",\"url\":\"https:\\\/\\\/addrone.be\\\/\",\"logo\":{\"@type\":\"ImageObject\",\"inLanguage\":\"fr-FR\",\"@id\":\"https:\\\/\\\/addrone.be\\\/#\\\/schema\\\/logo\\\/image\\\/\",\"url\":\"https:\\\/\\\/addrone.be\\\/wp-content\\\/uploads\\\/2020\\\/08\\\/Logo-ADDrone.png\",\"contentUrl\":\"https:\\\/\\\/addrone.be\\\/wp-content\\\/uploads\\\/2020\\\/08\\\/Logo-ADDrone.png\",\"width\":723,\"height\":723,\"caption\":\"ADDrone\"},\"image\":{\"@id\":\"https:\\\/\\\/addrone.be\\\/#\\\/schema\\\/logo\\\/image\\\/\"},\"sameAs\":[\"https:\\\/\\\/www.facebook.com\\\/addroneBE\",\"https:\\\/\\\/www.instagram.com\\\/addrone_be\\\/\",\"https:\\\/\\\/www.youtube.com\\\/channel\\\/UCvgawxSU5Vf6JIgXJEHFajg\"]}]}<\/script>\n<!-- \/ Yoast SEO plugin. -->","yoast_head_json":{"title":"Ev\u00e9nements Sportifs","robots":{"index":"index","follow":"follow","max-snippet":"max-snippet:-1","max-image-preview":"max-image-preview:large","max-video-preview":"max-video-preview:-1"},"canonical":"https:\/\/addrone.be\/index.php\/evenements-sportifs\/","og_locale":"fr_FR","og_type":"article","og_title":"Ev\u00e9nements Sportifs","og_description":"Pr\u00e9c\u00e9dent Suivant","og_url":"https:\/\/addrone.be\/index.php\/evenements-sportifs\/","article_publisher":"https:\/\/www.facebook.com\/addroneBE","article_modified_time":"2020-04-23T14:43:21+00:00","og_image":[{"url":"http:\/\/addrone.be\/wp-content\/uploads\/2020\/04\/Event-5-e1587652831769-1024x668.jpg","type":"","width":"","height":""}],"schema":{"@context":"https:\/\/schema.org","@graph":[{"@type":"WebPage","@id":"https:\/\/addrone.be\/index.php\/evenements-sportifs\/","url":"https:\/\/addrone.be\/index.php\/evenements-sportifs\/","name":"Ev\u00e9nements Sportifs","isPartOf":{"@id":"https:\/\/addrone.be\/#website"},"primaryImageOfPage":{"@id":"https:\/\/addrone.be\/index.php\/evenements-sportifs\/#primaryimage"},"image":{"@id":"https:\/\/addrone.be\/index.php\/evenements-sportifs\/#primaryimage"},"thumbnailUrl":"http:\/\/addrone.be\/wp-content\/uploads\/2020\/04\/Event-5-e1587652831769-1024x668.jpg","datePublished":"2020-04-23T13:46:10+00:00","dateModified":"2020-04-23T14:43:21+00:00","breadcrumb":{"@id":"https:\/\/addrone.be\/index.php\/evenements-sportifs\/#breadcrumb"},"inLanguage":"fr-FR","potentialAction":[{"@type":"ReadAction","target":["https:\/\/addrone.be\/index.php\/evenements-sportifs\/"]}]},{"@type":"ImageObject","inLanguage":"fr-FR","@id":"https:\/\/addrone.be\/index.php\/evenements-sportifs\/#primaryimage","url":"https:\/\/addrone.be\/wp-content\/uploads\/2020\/04\/Event-5-e1587652831769.jpg","contentUrl":"https:\/\/addrone.be\/wp-content\/uploads\/2020\/04\/Event-5-e1587652831769.jpg","width":1449,"height":945},{"@type":"BreadcrumbList","@id":"https:\/\/addrone.be\/index.php\/evenements-sportifs\/#breadcrumb","itemListElement":[{"@type":"ListItem","position":1,"name":"Home","item":"https:\/\/addrone.be\/"},{"@type":"ListItem","position":2,"name":"Ev\u00e9nements Sportifs"}]},{"@type":"WebSite","@id":"https:\/\/addrone.be\/#website","url":"https:\/\/addrone.be\/","name":"ADDrone","description":"ADDrone, ADD beauty","publisher":{"@id":"https:\/\/addrone.be\/#organization"},"potentialAction":[{"@type":"SearchAction","target":{"@type":"EntryPoint","urlTemplate":"https:\/\/addrone.be\/?s={search_term_string}"},"query-input":{"@type":"PropertyValueSpecification","valueRequired":true,"valueName":"search_term_string"}}],"inLanguage":"fr-FR"},{"@type":"Organization","@id":"https:\/\/addrone.be\/#organization","name":"ADDrone","url":"https:\/\/addrone.be\/","logo":{"@type":"ImageObject","inLanguage":"fr-FR","@id":"https:\/\/addrone.be\/#\/schema\/logo\/image\/","url":"https:\/\/addrone.be\/wp-content\/uploads\/2020\/08\/Logo-ADDrone.png","contentUrl":"https:\/\/addrone.be\/wp-content\/uploads\/2020\/08\/Logo-ADDrone.png","width":723,"height":723,"caption":"ADDrone"},"image":{"@id":"https:\/\/addrone.be\/#\/schema\/logo\/image\/"},"sameAs":["https:\/\/www.facebook.com\/addroneBE","https:\/\/www.instagram.com\/addrone_be\/","https:\/\/www.youtube.com\/channel\/UCvgawxSU5Vf6JIgXJEHFajg"]}]}},"_links":{"self":[{"href":"https:\/\/addrone.be\/index.php\/wp-json\/wp\/v2\/pages\/371","targetHints":{"allow":["GET"]}}],"collection":[{"href":"https:\/\/addrone.be\/index.php\/wp-json\/wp\/v2\/pages"}],"about":[{"href":"https:\/\/addrone.be\/index.php\/wp-json\/wp\/v2\/types\/page"}],"author":[{"embeddable":true,"href":"https:\/\/addrone.be\/index.php\/wp-json\/wp\/v2\/users\/1"}],"replies":[{"embeddable":true,"href":"https:\/\/addrone.be\/index.php\/wp-json\/wp\/v2\/comments?post=371"}],"version-history":[{"count":5,"href":"https:\/\/addrone.be\/index.php\/wp-json\/wp\/v2\/pages\/371\/revisions"}],"predecessor-version":[{"id":405,"href":"https:\/\/addrone.be\/index.php\/wp-json\/wp\/v2\/pages\/371\/revisions\/405"}],"wp:attachment":[{"href":"https:\/\/addrone.be\/index.php\/wp-json\/wp\/v2\/media?parent=371"}],"curies":[{"name":"wp","href":"https:\/\/api.w.org\/{rel}","templated":true}]}}